{"id":542,"date":"2017-11-14T18:09:45","date_gmt":"2017-11-14T18:09:45","guid":{"rendered":"http:\/\/wp-master-powergo.eliappwordpress1sto.elisys-servers.ca\/notre-equipe\/"},"modified":"2025-06-13T10:25:48","modified_gmt":"2025-06-13T14:25:48","slug":"notre-equipe","status":"publish","type":"page","link":"https:\/\/plabonte.com\/fr\/notre-equipe\/","title":{"rendered":"Notre \u00e9quipe"},"content":{"rendered":"<p>\u00c0 votre service depuis de nombreuses ann\u00e9es, P. Labont\u00e9 &amp; Fils est compos\u00e9 de personnes qualifi\u00e9es et exp\u00e9riment\u00e9es.<\/p>\n<div class=\"textMore mobile\">\n<p>L\u2019\u00e9quipe de P. Labont\u00e9 &amp; Fils, c\u2019est aussi des gens passionn\u00e9s par le sport motoris\u00e9 qui mettent \u00e0 contribution des comp\u00e9tences aussi riches que diversifi\u00e9es. Un objectif anime chacun d\u2019entre eux : <strong>offrir le meilleur service possible<\/strong> \u00e0 tous les client\u00b7e\u00b7s qui passent les portes de la concession.<\/p>\n<p>Faites connaissance avec notre \u00e9quipe! N\u2019h\u00e9sitez pas \u00e0 <a href=\"https:\/\/plabonte.com\/fr\/contact\/\">communiquer avec nous<\/a> pour toute information suppl\u00e9mentaire sur nos produits, nos services et notre concession.<\/p>\n<\/div>\n","protected":false},"excerpt":{"rendered":"<p>\u00c0 votre service depuis de nombreuses ann\u00e9es, P. Labont\u00e9 &amp; Fils est compos\u00e9 de personnes qualifi\u00e9es et exp\u00e9riment\u00e9es. L\u2019\u00e9quipe de P. Labont\u00e9 &amp; Fils, c\u2019est aussi des gens passionn\u00e9s par le sport motoris\u00e9 qui mettent \u00e0 contribution des comp\u00e9tences aussi riches que diversifi\u00e9es. Un objectif anime chacun d\u2019entre eux : offrir le meilleur service possible &hellip; <a href=\"https:\/\/plabonte.com\/fr\/notre-equipe\/\">Suite<\/a><\/p>\n","protected":false},"author":1,"featured_media":0,"parent":0,"menu_order":0,"comment_status":"closed","ping_status":"closed","template":"template-listing-team.php","meta":[],"acf":{"content_featured_type":"","contact_form_custom_form_id":false,"contact_form_custom_html_id":""},"_links":{"self":[{"href":"https:\/\/plabonte.com\/fr\/wp-json\/wp\/v2\/pages\/542"}],"collection":[{"href":"https:\/\/plabonte.com\/fr\/wp-json\/wp\/v2\/pages"}],"about":[{"href":"https:\/\/plabonte.com\/fr\/wp-json\/wp\/v2\/types\/page"}],"author":[{"embeddable":true,"href":"https:\/\/plabonte.com\/fr\/wp-json\/wp\/v2\/users\/1"}],"replies":[{"embeddable":true,"href":"https:\/\/plabonte.com\/fr\/wp-json\/wp\/v2\/comments?post=542"}],"version-history":[{"count":12,"href":"https:\/\/plabonte.com\/fr\/wp-json\/wp\/v2\/pages\/542\/revisions"}],"predecessor-version":[{"id":30553,"href":"https:\/\/plabonte.com\/fr\/wp-json\/wp\/v2\/pages\/542\/revisions\/30553"}],"wp:attachment":[{"href":"https:\/\/plabonte.com\/fr\/wp-json\/wp\/v2\/media?parent=542"}],"curies":[{"name":"wp","href":"https:\/\/api.w.org\/{rel}","templated":true}]}}