{"id":348,"date":"2017-11-09T19:10:12","date_gmt":"2017-11-10T00:10:12","guid":{"rendered":"http:\/\/wp-master-powergo.eliappwordpress1sto.elisys-servers.ca\/?page_id=348"},"modified":"2025-06-17T18:06:30","modified_gmt":"2025-06-17T22:06:30","slug":"pieces","status":"publish","type":"page","link":"https:\/\/plabonte.com\/fr\/pieces\/","title":{"rendered":"Pi\u00e8ces et accessoires"},"content":{"rendered":"<p>P. Labont\u00e9 &amp; Fils est fier de vous proposer une gamme compl\u00e8te de <strong>pi\u00e8ces et accessoires d\u2019origine \u00e0 Mont-Joli<\/strong>.<\/p>\n<div class=\"textMore mobile\">\n<p>Retrouvez un inventaire vari\u00e9 de marques fiables et durables comme <strong>Yamaha<\/strong>, <strong>STIHL<\/strong> et bien plus encore! Informez-vous aupr\u00e8s de notre \u00e9quipe.<\/p>\n<p>Notre d\u00e9partement des pi\u00e8ces et accessoires est fier de vous offrir :<\/p>\n<ul>\n<li>Personnel courtois, rapide et efficace<\/li>\n<li>Pi\u00e8ces d\u2019origine<\/li>\n<li>Accessoires servant \u00e0 personnaliser votre v\u00e9hicule<\/li>\n<\/ul>\n<p>Pour de plus amples renseignements ou pour des conseils en lien avec nos produits, <a href=\"https:\/\/plabonte.com\/fr\/contact\/\">contactez nos professionnel\u00b7le\u00b7s<\/a>. Nous connaissons l\u2019inventaire comme le fond de notre poche et nous faisons une mission de trouver ce qui r\u00e9pondra le mieux \u00e0 vos besoins.<\/p>\n<p>Faites une bonne affaire et consultez nos <a href=\"https:\/\/plabonte.com\/fr\/promotions\/\">promotions<\/a> en cours!<\/p>\n<\/div>\n","protected":false},"excerpt":{"rendered":"<p>P. Labont\u00e9 &amp; Fils est fier de vous proposer une gamme compl\u00e8te de pi\u00e8ces et accessoires d\u2019origine \u00e0 Mont-Joli. Retrouvez un inventaire vari\u00e9 de marques fiables et durables comme Yamaha, STIHL et bien plus encore! Informez-vous aupr\u00e8s de notre \u00e9quipe. Notre d\u00e9partement des pi\u00e8ces et accessoires est fier de vous offrir : Personnel courtois, rapide &hellip; <a href=\"https:\/\/plabonte.com\/fr\/pieces\/\">Suite<\/a><\/p>\n","protected":false},"author":1,"featured_media":0,"parent":0,"menu_order":0,"comment_status":"closed","ping_status":"closed","template":"template-parts.php","meta":[],"acf":{"content_featured_type":"image","content_featured_slider":false,"content_featured_image":{"ID":30589,"id":30589,"title":"img-PIECES","filename":"img-PIECES.webp","filesize":26674,"url":"https:\/\/plabonte.com\/wp-content\/uploads\/2025\/06\/img-PIECES.webp","link":"https:\/\/plabonte.com\/fr\/service-apres-vente\/img-pieces\/","alt":"","author":"1","description":"","caption":"","name":"img-pieces","status":"inherit","uploaded_to":293,"date":"2025-06-17 22:05:55","modified":"2025-06-17 22:05:55","menu_order":0,"mime_type":"image\/webp","type":"image","subtype":"webp","icon":"https:\/\/plabonte.com\/wp-includes\/images\/media\/default.png","width":770,"height":330,"sizes":{"thumbnail":"https:\/\/plabonte.com\/wp-content\/uploads\/2025\/06\/img-PIECES-150x150.webp","thumbnail-width":150,"thumbnail-height":150,"medium":"https:\/\/plabonte.com\/wp-content\/uploads\/2025\/06\/img-PIECES-300x129.webp","medium-width":300,"medium-height":129,"medium_large":"https:\/\/plabonte.com\/wp-content\/uploads\/2025\/06\/img-PIECES-768x329.webp","medium_large-width":768,"medium_large-height":329,"large":"https:\/\/plabonte.com\/wp-content\/uploads\/2025\/06\/img-PIECES.webp","large-width":770,"large-height":330,"1536x1536":"https:\/\/plabonte.com\/wp-content\/uploads\/2025\/06\/img-PIECES.webp","1536x1536-width":770,"1536x1536-height":330,"2048x2048":"https:\/\/plabonte.com\/wp-content\/uploads\/2025\/06\/img-PIECES.webp","2048x2048-width":770,"2048x2048-height":330,"article-details":"https:\/\/plabonte.com\/wp-content\/uploads\/2025\/06\/img-PIECES-745x319.webp","article-details-width":745,"article-details-height":319,"article-listing":"https:\/\/plabonte.com\/wp-content\/uploads\/2025\/06\/img-PIECES-745x319.webp","article-listing-width":745,"article-listing-height":319,"event-details":"https:\/\/plabonte.com\/wp-content\/uploads\/2025\/06\/img-PIECES-745x319.webp","event-details-width":745,"event-details-height":319,"event-listing":"https:\/\/plabonte.com\/wp-content\/uploads\/2025\/06\/img-PIECES-745x319.webp","event-listing-width":745,"event-listing-height":319,"feat-article":"https:\/\/plabonte.com\/wp-content\/uploads\/2025\/06\/img-PIECES-720x309.webp","feat-article-width":720,"feat-article-height":309,"feat-cta":"https:\/\/plabonte.com\/wp-content\/uploads\/2025\/06\/img-PIECES-745x319.webp","feat-cta-width":745,"feat-cta-height":319,"feat-content":"https:\/\/plabonte.com\/wp-content\/uploads\/2025\/06\/img-PIECES-745x319.webp","feat-content-width":745,"feat-content-height":319,"feat-event":"https:\/\/plabonte.com\/wp-content\/uploads\/2025\/06\/img-PIECES-720x309.webp","feat-event-width":720,"feat-event-height":309,"feat-makes":"https:\/\/plabonte.com\/wp-content\/uploads\/2025\/06\/img-PIECES-187x80.webp","feat-makes-width":187,"feat-makes-height":80,"feat-related":"https:\/\/plabonte.com\/wp-content\/uploads\/2025\/06\/img-PIECES-720x309.webp","feat-related-width":720,"feat-related-height":309,"filter-category":"https:\/\/plabonte.com\/wp-content\/uploads\/2025\/06\/img-PIECES-486x330.webp","filter-category-width":486,"filter-category-height":330,"products-listing-new":"https:\/\/plabonte.com\/wp-content\/uploads\/2025\/06\/img-PIECES-460x197.webp","products-listing-new-width":460,"products-listing-new-height":197,"products-gallery":"https:\/\/plabonte.com\/wp-content\/uploads\/2025\/06\/img-PIECES-745x319.webp","products-gallery-width":745,"products-gallery-height":319,"promos-details":"https:\/\/plabonte.com\/wp-content\/uploads\/2025\/06\/img-PIECES-745x319.webp","promos-details-width":745,"promos-details-height":319,"promos-listing":"https:\/\/plabonte.com\/wp-content\/uploads\/2025\/06\/img-PIECES-745x319.webp","promos-listing-width":745,"promos-listing-height":319,"relative-product-article":"https:\/\/plabonte.com\/wp-content\/uploads\/2025\/06\/img-PIECES-745x319.webp","relative-product-article-width":745,"relative-product-article-height":319,"relative-product-event":"https:\/\/plabonte.com\/wp-content\/uploads\/2025\/06\/img-PIECES-745x319.webp","relative-product-event-width":745,"relative-product-event-height":319,"relative-product-new":"https:\/\/plabonte.com\/wp-content\/uploads\/2025\/06\/img-PIECES-690x296.webp","relative-product-new-width":690,"relative-product-new-height":296,"relative-product-promo":"https:\/\/plabonte.com\/wp-content\/uploads\/2025\/06\/img-PIECES-745x319.webp","relative-product-promo-width":745,"relative-product-promo-height":319,"slider-main":"https:\/\/plabonte.com\/wp-content\/uploads\/2025\/06\/img-PIECES.webp","slider-main-width":770,"slider-main-height":330,"slider-main-mobile":"https:\/\/plabonte.com\/wp-content\/uploads\/2025\/06\/img-PIECES.webp","slider-main-mobile-width":770,"slider-main-mobile-height":330,"slider-main-fullwidth":"https:\/\/plabonte.com\/wp-content\/uploads\/2025\/06\/img-PIECES.webp","slider-main-fullwidth-width":770,"slider-main-fullwidth-height":330,"slider-main-fullwidth-narrow":"https:\/\/plabonte.com\/wp-content\/uploads\/2025\/06\/img-PIECES.webp","slider-main-fullwidth-narrow-width":770,"slider-main-fullwidth-narrow-height":330,"map-footer":"https:\/\/plabonte.com\/wp-content\/uploads\/2025\/06\/img-PIECES.webp","map-footer-width":770,"map-footer-height":330,"map-footer-mobile":"https:\/\/plabonte.com\/wp-content\/uploads\/2025\/06\/img-PIECES.webp","map-footer-mobile-width":770,"map-footer-mobile-height":330,"map-footer-fullwidth":"https:\/\/plabonte.com\/wp-content\/uploads\/2025\/06\/img-PIECES.webp","map-footer-fullwidth-width":770,"map-footer-fullwidth-height":330,"map-footer-fullwidth-narrow":"https:\/\/plabonte.com\/wp-content\/uploads\/2025\/06\/img-PIECES.webp","map-footer-fullwidth-narrow-width":770,"map-footer-fullwidth-narrow-height":330,"team-listing":"https:\/\/plabonte.com\/wp-content\/uploads\/2025\/06\/img-PIECES-450x193.webp","team-listing-width":450,"team-listing-height":193,"team-sidebar":"https:\/\/plabonte.com\/wp-content\/uploads\/2025\/06\/img-PIECES-720x309.webp","team-sidebar-width":720,"team-sidebar-height":309,"history-timeline":"https:\/\/plabonte.com\/wp-content\/uploads\/2025\/06\/img-PIECES-380x163.webp","history-timeline-width":380,"history-timeline-height":163,"automatic-popup":"https:\/\/plabonte.com\/wp-content\/uploads\/2025\/06\/img-PIECES.webp","automatic-popup-width":770,"automatic-popup-height":330,"wc-feat-brands":"https:\/\/plabonte.com\/wp-content\/uploads\/2025\/06\/img-PIECES-175x75.webp","wc-feat-brands-width":175,"wc-feat-brands-height":75,"wc-products-details-brands":"https:\/\/plabonte.com\/wp-content\/uploads\/2025\/06\/img-PIECES-175x75.webp","wc-products-details-brands-width":175,"wc-products-details-brands-height":75}},"contact_form_custom_form_id":false,"contact_form_custom_html_id":""},"_links":{"self":[{"href":"https:\/\/plabonte.com\/fr\/wp-json\/wp\/v2\/pages\/348"}],"collection":[{"href":"https:\/\/plabonte.com\/fr\/wp-json\/wp\/v2\/pages"}],"about":[{"href":"https:\/\/plabonte.com\/fr\/wp-json\/wp\/v2\/types\/page"}],"author":[{"embeddable":true,"href":"https:\/\/plabonte.com\/fr\/wp-json\/wp\/v2\/users\/1"}],"replies":[{"embeddable":true,"href":"https:\/\/plabonte.com\/fr\/wp-json\/wp\/v2\/comments?post=348"}],"version-history":[{"count":8,"href":"https:\/\/plabonte.com\/fr\/wp-json\/wp\/v2\/pages\/348\/revisions"}],"predecessor-version":[{"id":30594,"href":"https:\/\/plabonte.com\/fr\/wp-json\/wp\/v2\/pages\/348\/revisions\/30594"}],"wp:attachment":[{"href":"https:\/\/plabonte.com\/fr\/wp-json\/wp\/v2\/media?parent=348"}],"curies":[{"name":"wp","href":"https:\/\/api.w.org\/{rel}","templated":true}]}}