{"id":310,"date":"2017-11-09T15:15:30","date_gmt":"2017-11-09T20:15:30","guid":{"rendered":"http:\/\/wp-master-powergo.eliappwordpress1sto.elisys-servers.ca\/?page_id=310"},"modified":"2025-06-11T14:51:33","modified_gmt":"2025-06-11T18:51:33","slug":"cotes-a-cotes","status":"publish","type":"page","link":"https:\/\/plabonte.com\/fr\/cotes-a-cotes\/","title":{"rendered":"V\u00e9hicules c\u00f4te \u00e0 c\u00f4te neufs"},"content":{"rendered":"","protected":false},"excerpt":{"rendered":"","protected":false},"author":1,"featured_media":0,"parent":0,"menu_order":0,"comment_status":"closed","ping_status":"closed","template":"template-listing-new-products.php","meta":[],"acf":{"content_featured_type":"","page_arg_new":true,"page_arg_new_category":[{"value":"side-by-side","label":"V\u00e9hicules c\u00f4te \u00e0 c\u00f4te"}],"page_arg_new_make":[],"page_arg_instock":false,"page_arg_new_type":false,"contact_form_custom_form_id":false,"contact_form_custom_html_id":""},"_links":{"self":[{"href":"https:\/\/plabonte.com\/fr\/wp-json\/wp\/v2\/pages\/310"}],"collection":[{"href":"https:\/\/plabonte.com\/fr\/wp-json\/wp\/v2\/pages"}],"about":[{"href":"https:\/\/plabonte.com\/fr\/wp-json\/wp\/v2\/types\/page"}],"author":[{"embeddable":true,"href":"https:\/\/plabonte.com\/fr\/wp-json\/wp\/v2\/users\/1"}],"replies":[{"embeddable":true,"href":"https:\/\/plabonte.com\/fr\/wp-json\/wp\/v2\/comments?post=310"}],"version-history":[{"count":4,"href":"https:\/\/plabonte.com\/fr\/wp-json\/wp\/v2\/pages\/310\/revisions"}],"predecessor-version":[{"id":28725,"href":"https:\/\/plabonte.com\/fr\/wp-json\/wp\/v2\/pages\/310\/revisions\/28725"}],"wp:attachment":[{"href":"https:\/\/plabonte.com\/fr\/wp-json\/wp\/v2\/media?parent=310"}],"curies":[{"name":"wp","href":"https:\/\/api.w.org\/{rel}","templated":true}]}}