{"id":309,"date":"2017-11-09T15:15:05","date_gmt":"2017-11-09T20:15:05","guid":{"rendered":"http:\/\/wp-master-powergo.eliappwordpress1sto.elisys-servers.ca\/?page_id=309"},"modified":"2025-06-13T10:16:42","modified_gmt":"2025-06-13T14:16:42","slug":"motocyclettes","status":"publish","type":"page","link":"https:\/\/plabonte.com\/fr\/motocyclettes\/","title":{"rendered":"Motocyclettes neuves"},"content":{"rendered":"<p>P. Labont\u00e9 &amp; Fils est fier de vous offrir la cr\u00e8me de la cr\u00e8me des <strong>v\u00e9hicules de sport motoris\u00e9 neufs<\/strong>! \u00c0 tout moment de l\u2019ann\u00e9e, parcourez la plus grande s\u00e9lection de bolides et de produits m\u00e9caniques qui combleront toutes vos envies d\u2019aventure!<\/p>\n<div class=\"textMore\">\n<p>Prenez d\u2019assaut les routes du Qu\u00e9bec \u00e0 bord d\u2019une <strong>motocyclette neuve Yamaha<\/strong>. \u00c9patez la galerie lors de vos prochaines escapades \u00e0 bord de votre <a href=\"https:\/\/plabonte.com\/fr\/vtt\/\">VTT<\/a> ou de votre <a href=\"https:\/\/plabonte.com\/fr\/cotes-a-cotes\/\">v\u00e9hicule c\u00f4te \u00e0 c\u00f4te<\/a>. Vos aventures hivernales ne seront plus jamais pareilles \u00e0 bord d\u2019une <a href=\"https:\/\/plabonte.com\/fr\/motoneiges\/\">motoneige<\/a> <strong>Yamaha<\/strong>. Vous avez le pied marin? Parcourez notre choix de <a href=\"https:\/\/plabonte.com\/fr\/moteurs-hors-bord\/\">moteurs hors-bord<\/a> <strong>Yamaha<\/strong>.<\/p>\n<p>S\u00e9lectionnez vos <strong>outils de travail<\/strong> pour vous accompagner dans vos t\u00e2ches de tous les jours parmi notre s\u00e9lection de <a href=\"https:\/\/plabonte.com\/fr\/produits-mecaniques\/\">produits m\u00e9caniques<\/a> <strong>STIHL<\/strong>, <strong>Cub Cadet<\/strong> et <strong>Yamaha<\/strong>.<\/p>\n<p>Consultez nos <a href=\"https:\/\/plabonte.com\/fr\/promotions\/\">promotions<\/a> du moment et trouvez-y une offre ou un rabais qui fera votre affaire!<\/p>\n<p>Pour toute question, <a href=\"https:\/\/plabonte.com\/fr\/contact\/\">communiquez avec nos professionnel\u00b7le\u00b7s<\/a>! Ils sauront vous conseiller et vous guider vers le meilleur choix pour vous. En tout temps, passez nous voir en concession chez <strong>P. Labont\u00e9 &amp; Fils \u00e0 Mont-Joli<\/strong>! Nous vous recevrons avec plaisir.<\/p>\n<\/div>\n","protected":false},"excerpt":{"rendered":"<p>P. Labont\u00e9 &amp; Fils est fier de vous offrir la cr\u00e8me de la cr\u00e8me des v\u00e9hicules de sport motoris\u00e9 neufs! \u00c0 tout moment de l\u2019ann\u00e9e, parcourez la plus grande s\u00e9lection de bolides et de produits m\u00e9caniques qui combleront toutes vos envies d\u2019aventure! Prenez d\u2019assaut les routes du Qu\u00e9bec \u00e0 bord d\u2019une motocyclette neuve Yamaha. \u00c9patez &hellip; <a href=\"https:\/\/plabonte.com\/fr\/motocyclettes\/\">Suite<\/a><\/p>\n","protected":false},"author":1,"featured_media":0,"parent":0,"menu_order":0,"comment_status":"closed","ping_status":"closed","template":"template-listing-new-products.php","meta":[],"acf":{"content_featured_type":"","page_arg_new":true,"page_arg_new_category":[{"value":"motorcycle","label":"Motocyclettes"}],"page_arg_new_make":[],"contact_form_custom_html_id":"","page_arg_instock":false,"page_arg_new_type":false,"contact_form_custom_form_id":false},"_links":{"self":[{"href":"https:\/\/plabonte.com\/fr\/wp-json\/wp\/v2\/pages\/309"}],"collection":[{"href":"https:\/\/plabonte.com\/fr\/wp-json\/wp\/v2\/pages"}],"about":[{"href":"https:\/\/plabonte.com\/fr\/wp-json\/wp\/v2\/types\/page"}],"author":[{"embeddable":true,"href":"https:\/\/plabonte.com\/fr\/wp-json\/wp\/v2\/users\/1"}],"replies":[{"embeddable":true,"href":"https:\/\/plabonte.com\/fr\/wp-json\/wp\/v2\/comments?post=309"}],"version-history":[{"count":9,"href":"https:\/\/plabonte.com\/fr\/wp-json\/wp\/v2\/pages\/309\/revisions"}],"predecessor-version":[{"id":30545,"href":"https:\/\/plabonte.com\/fr\/wp-json\/wp\/v2\/pages\/309\/revisions\/30545"}],"wp:attachment":[{"href":"https:\/\/plabonte.com\/fr\/wp-json\/wp\/v2\/media?parent=309"}],"curies":[{"name":"wp","href":"https:\/\/api.w.org\/{rel}","templated":true}]}}