{"id":295,"date":"2017-11-09T14:58:38","date_gmt":"2017-11-09T19:58:38","guid":{"rendered":"http:\/\/wp-master-powergo.eliappwordpress1sto.elisys-servers.ca\/?page_id=295"},"modified":"2025-06-13T10:21:13","modified_gmt":"2025-06-13T14:21:13","slug":"promotions","status":"publish","type":"page","link":"https:\/\/plabonte.com\/fr\/promotions\/","title":{"rendered":"Promotions"},"content":{"rendered":"<p>Qu\u2019y a-t-il de plus excitant que l\u2019achat d\u2019un nouveau <strong>v\u00e9hicule de sport motoris\u00e9<\/strong>? Se procurer un nouveau bolide en promotion, bien entendu!<\/p>\n<div class=\"textMore\">\n<p>P. Labont\u00e9 &amp; Fils se fait un devoir de vous offrir les meilleurs produits sur le march\u00e9 et de vous faire profiter des <strong>promotions<\/strong> les plus all\u00e9chantes. Plus que tout, nous voulons que vous puissiez pratiquer vos sports favoris sans toujours avoir \u00e0 vous soucier de la facture.<\/p>\n<p>Que ce soit pour un <a href=\"https:\/\/plabonte.com\/fr\/inventaire-neuf\/\">v\u00e9hicule neuf<\/a> ou d\u2019<a href=\"https:\/\/plabonte.com\/fr\/produits-occasion\/\">occasion<\/a>, nos <a href=\"https:\/\/plabonte.com\/fr\/service-apres-vente\/\">services d\u2019entretien<\/a> ou pour des <a href=\"https:\/\/plabonte.com\/fr\/pieces\/\">pi\u00e8ces et accessoires<\/a>, vous trouverez des promotions couvrant tous nos d\u00e9partements au fil de l\u2019ann\u00e9e. Faites de <strong>grandes \u00e9conomies<\/strong> et profitez des offres les plus exclusives de <strong>Mont-Joli<\/strong>!<\/p>\n<p>Vous avez une question concernant l\u2019une de nos promotions? <a href=\"https:\/\/plabonte.com\/fr\/contact\/\">Communiquez avec notre service \u00e0 la client\u00e8le<\/a>. Un membre de notre \u00e9quipe pourra y r\u00e9pondre avec joie.<\/p>\n<\/div>\n","protected":false},"excerpt":{"rendered":"<p>Qu\u2019y a-t-il de plus excitant que l\u2019achat d\u2019un nouveau v\u00e9hicule de sport motoris\u00e9? Se procurer un nouveau bolide en promotion, bien entendu! P. Labont\u00e9 &amp; Fils se fait un devoir de vous offrir les meilleurs produits sur le march\u00e9 et de vous faire profiter des promotions les plus all\u00e9chantes. Plus que tout, nous voulons que &hellip; <a href=\"https:\/\/plabonte.com\/fr\/promotions\/\">Suite<\/a><\/p>\n","protected":false},"author":1,"featured_media":0,"parent":0,"menu_order":0,"comment_status":"closed","ping_status":"closed","template":"template-listing-promotions.php","meta":[],"acf":{"contact_form_custom_form_id":false,"contact_form_custom_html_id":""},"_links":{"self":[{"href":"https:\/\/plabonte.com\/fr\/wp-json\/wp\/v2\/pages\/295"}],"collection":[{"href":"https:\/\/plabonte.com\/fr\/wp-json\/wp\/v2\/pages"}],"about":[{"href":"https:\/\/plabonte.com\/fr\/wp-json\/wp\/v2\/types\/page"}],"author":[{"embeddable":true,"href":"https:\/\/plabonte.com\/fr\/wp-json\/wp\/v2\/users\/1"}],"replies":[{"embeddable":true,"href":"https:\/\/plabonte.com\/fr\/wp-json\/wp\/v2\/comments?post=295"}],"version-history":[{"count":8,"href":"https:\/\/plabonte.com\/fr\/wp-json\/wp\/v2\/pages\/295\/revisions"}],"predecessor-version":[{"id":30548,"href":"https:\/\/plabonte.com\/fr\/wp-json\/wp\/v2\/pages\/295\/revisions\/30548"}],"wp:attachment":[{"href":"https:\/\/plabonte.com\/fr\/wp-json\/wp\/v2\/media?parent=295"}],"curies":[{"name":"wp","href":"https:\/\/api.w.org\/{rel}","templated":true}]}}