{"id":293,"date":"2017-11-09T14:57:54","date_gmt":"2017-11-09T14:57:54","guid":{"rendered":"http:\/\/wp-master-powergo.eliappwordpress1sto.elisys-servers.ca\/?page_id=293"},"modified":"2025-06-17T18:06:04","modified_gmt":"2025-06-17T22:06:04","slug":"service-apres-vente","status":"publish","type":"page","link":"https:\/\/plabonte.com\/fr\/service-apres-vente\/","title":{"rendered":"Entretien et r\u00e9parations"},"content":{"rendered":"<p>Confier son v\u00e9hicule aux mains expertes des technicien\u00b7ne\u00b7s de P. Labont\u00e9 &amp; Fils \u00e0 Mont-Joli, c\u2019est repartir \u00e0 bord de son bolide enti\u00e8rement en confiance et en s\u00e9curit\u00e9. Que ce soit un <strong>VTT<\/strong>, une <strong>motocyclette<\/strong>, un <strong>moteur hors-bord<\/strong> ou autre, nous n\u2019utilisons que des produits de la plus haute qualit\u00e9.<\/p>\n<div class=\"textMore mobile\">\n<p>P. Labont\u00e9 &amp; Fils vous offre le meilleur service de la r\u00e9gion du Bas-Saint-Laurent! Nos technicien\u00b7ne\u00b7s d\u2019exp\u00e9rience et certifi\u00e9\u00b7e\u00b7s vous proposent une vaste gamme de services :<\/p>\n<ul>\n<li>Changement d\u2019huile<\/li>\n<li>Entretien r\u00e9gulier<\/li>\n<li>R\u00e9parations<\/li>\n<li>Modifications utilitaires ou pour am\u00e9liorer la performance<\/li>\n<li>Et plus encore!<\/li>\n<\/ul>\n<p>Notez que toutes les <strong>r\u00e9parations<\/strong> effectu\u00e9es chez nous ne sont faites qu\u2019avec des pi\u00e8ces d\u2019origine. Vous souhaitez en commander? Profitez de l\u2019expertise et de la vari\u00e9t\u00e9 de notre d<a href=\"https:\/\/plabonte.com\/fr\/pieces\/\">\u00e9partement des pi\u00e8ces et accessoires<\/a> pour le faire!<\/p>\n<p>Faites r\u00e9guli\u00e8rement un tour du c\u00f4t\u00e9 de nos <a href=\"https:\/\/plabonte.com\/fr\/promotions\/\">promotions<\/a> et ne ratez jamais une occasion d\u2019\u00e9conomiser!<\/p>\n<p>Pour toute question ou demande d\u2019information, <a href=\"https:\/\/plabonte.com\/fr\/contact\/\">communiquez avec nous<\/a>!<\/p>\n<\/div>\n","protected":false},"excerpt":{"rendered":"<p>Confier son v\u00e9hicule aux mains expertes des technicien\u00b7ne\u00b7s de P. Labont\u00e9 &amp; Fils \u00e0 Mont-Joli, c\u2019est repartir \u00e0 bord de son bolide enti\u00e8rement en confiance et en s\u00e9curit\u00e9. Que ce soit un VTT, une motocyclette, un moteur hors-bord ou autre, nous n\u2019utilisons que des produits de la plus haute qualit\u00e9. P. Labont\u00e9 &amp; Fils vous &hellip; <a href=\"https:\/\/plabonte.com\/fr\/service-apres-vente\/\">Suite<\/a><\/p>\n","protected":false},"author":1,"featured_media":0,"parent":0,"menu_order":0,"comment_status":"closed","ping_status":"closed","template":"template-service.php","meta":[],"acf":{"content_featured_type":"image","content_featured_image":{"ID":30591,"id":30591,"title":"img-SERVICE","filename":"img-SERVICE.webp","filesize":69562,"url":"https:\/\/plabonte.com\/wp-content\/uploads\/2025\/06\/img-SERVICE.webp","link":"https:\/\/plabonte.com\/fr\/service-apres-vente\/img-service\/","alt":"","author":"1","description":"","caption":"","name":"img-service","status":"inherit","uploaded_to":293,"date":"2025-06-17 22:05:59","modified":"2025-06-17 22:05:59","menu_order":0,"mime_type":"image\/webp","type":"image","subtype":"webp","icon":"https:\/\/plabonte.com\/wp-includes\/images\/media\/default.png","width":770,"height":330,"sizes":{"thumbnail":"https:\/\/plabonte.com\/wp-content\/uploads\/2025\/06\/img-SERVICE-150x150.webp","thumbnail-width":150,"thumbnail-height":150,"medium":"https:\/\/plabonte.com\/wp-content\/uploads\/2025\/06\/img-SERVICE-300x129.webp","medium-width":300,"medium-height":129,"medium_large":"https:\/\/plabonte.com\/wp-content\/uploads\/2025\/06\/img-SERVICE-768x329.webp","medium_large-width":768,"medium_large-height":329,"large":"https:\/\/plabonte.com\/wp-content\/uploads\/2025\/06\/img-SERVICE.webp","large-width":770,"large-height":330,"1536x1536":"https:\/\/plabonte.com\/wp-content\/uploads\/2025\/06\/img-SERVICE.webp","1536x1536-width":770,"1536x1536-height":330,"2048x2048":"https:\/\/plabonte.com\/wp-content\/uploads\/2025\/06\/img-SERVICE.webp","2048x2048-width":770,"2048x2048-height":330,"article-details":"https:\/\/plabonte.com\/wp-content\/uploads\/2025\/06\/img-SERVICE-745x319.webp","article-details-width":745,"article-details-height":319,"article-listing":"https:\/\/plabonte.com\/wp-content\/uploads\/2025\/06\/img-SERVICE-745x319.webp","article-listing-width":745,"article-listing-height":319,"event-details":"https:\/\/plabonte.com\/wp-content\/uploads\/2025\/06\/img-SERVICE-745x319.webp","event-details-width":745,"event-details-height":319,"event-listing":"https:\/\/plabonte.com\/wp-content\/uploads\/2025\/06\/img-SERVICE-745x319.webp","event-listing-width":745,"event-listing-height":319,"feat-article":"https:\/\/plabonte.com\/wp-content\/uploads\/2025\/06\/img-SERVICE-720x309.webp","feat-article-width":720,"feat-article-height":309,"feat-cta":"https:\/\/plabonte.com\/wp-content\/uploads\/2025\/06\/img-SERVICE-745x319.webp","feat-cta-width":745,"feat-cta-height":319,"feat-content":"https:\/\/plabonte.com\/wp-content\/uploads\/2025\/06\/img-SERVICE-745x319.webp","feat-content-width":745,"feat-content-height":319,"feat-event":"https:\/\/plabonte.com\/wp-content\/uploads\/2025\/06\/img-SERVICE-720x309.webp","feat-event-width":720,"feat-event-height":309,"feat-makes":"https:\/\/plabonte.com\/wp-content\/uploads\/2025\/06\/img-SERVICE-187x80.webp","feat-makes-width":187,"feat-makes-height":80,"feat-related":"https:\/\/plabonte.com\/wp-content\/uploads\/2025\/06\/img-SERVICE-720x309.webp","feat-related-width":720,"feat-related-height":309,"filter-category":"https:\/\/plabonte.com\/wp-content\/uploads\/2025\/06\/img-SERVICE-486x330.webp","filter-category-width":486,"filter-category-height":330,"products-listing-new":"https:\/\/plabonte.com\/wp-content\/uploads\/2025\/06\/img-SERVICE-460x197.webp","products-listing-new-width":460,"products-listing-new-height":197,"products-gallery":"https:\/\/plabonte.com\/wp-content\/uploads\/2025\/06\/img-SERVICE-745x319.webp","products-gallery-width":745,"products-gallery-height":319,"promos-details":"https:\/\/plabonte.com\/wp-content\/uploads\/2025\/06\/img-SERVICE-745x319.webp","promos-details-width":745,"promos-details-height":319,"promos-listing":"https:\/\/plabonte.com\/wp-content\/uploads\/2025\/06\/img-SERVICE-745x319.webp","promos-listing-width":745,"promos-listing-height":319,"relative-product-article":"https:\/\/plabonte.com\/wp-content\/uploads\/2025\/06\/img-SERVICE-745x319.webp","relative-product-article-width":745,"relative-product-article-height":319,"relative-product-event":"https:\/\/plabonte.com\/wp-content\/uploads\/2025\/06\/img-SERVICE-745x319.webp","relative-product-event-width":745,"relative-product-event-height":319,"relative-product-new":"https:\/\/plabonte.com\/wp-content\/uploads\/2025\/06\/img-SERVICE-690x296.webp","relative-product-new-width":690,"relative-product-new-height":296,"relative-product-promo":"https:\/\/plabonte.com\/wp-content\/uploads\/2025\/06\/img-SERVICE-745x319.webp","relative-product-promo-width":745,"relative-product-promo-height":319,"slider-main":"https:\/\/plabonte.com\/wp-content\/uploads\/2025\/06\/img-SERVICE.webp","slider-main-width":770,"slider-main-height":330,"slider-main-mobile":"https:\/\/plabonte.com\/wp-content\/uploads\/2025\/06\/img-SERVICE.webp","slider-main-mobile-width":770,"slider-main-mobile-height":330,"slider-main-fullwidth":"https:\/\/plabonte.com\/wp-content\/uploads\/2025\/06\/img-SERVICE.webp","slider-main-fullwidth-width":770,"slider-main-fullwidth-height":330,"slider-main-fullwidth-narrow":"https:\/\/plabonte.com\/wp-content\/uploads\/2025\/06\/img-SERVICE.webp","slider-main-fullwidth-narrow-width":770,"slider-main-fullwidth-narrow-height":330,"map-footer":"https:\/\/plabonte.com\/wp-content\/uploads\/2025\/06\/img-SERVICE.webp","map-footer-width":770,"map-footer-height":330,"map-footer-mobile":"https:\/\/plabonte.com\/wp-content\/uploads\/2025\/06\/img-SERVICE.webp","map-footer-mobile-width":770,"map-footer-mobile-height":330,"map-footer-fullwidth":"https:\/\/plabonte.com\/wp-content\/uploads\/2025\/06\/img-SERVICE.webp","map-footer-fullwidth-width":770,"map-footer-fullwidth-height":330,"map-footer-fullwidth-narrow":"https:\/\/plabonte.com\/wp-content\/uploads\/2025\/06\/img-SERVICE.webp","map-footer-fullwidth-narrow-width":770,"map-footer-fullwidth-narrow-height":330,"team-listing":"https:\/\/plabonte.com\/wp-content\/uploads\/2025\/06\/img-SERVICE-450x193.webp","team-listing-width":450,"team-listing-height":193,"team-sidebar":"https:\/\/plabonte.com\/wp-content\/uploads\/2025\/06\/img-SERVICE-720x309.webp","team-sidebar-width":720,"team-sidebar-height":309,"history-timeline":"https:\/\/plabonte.com\/wp-content\/uploads\/2025\/06\/img-SERVICE-380x163.webp","history-timeline-width":380,"history-timeline-height":163,"automatic-popup":"https:\/\/plabonte.com\/wp-content\/uploads\/2025\/06\/img-SERVICE.webp","automatic-popup-width":770,"automatic-popup-height":330,"wc-feat-brands":"https:\/\/plabonte.com\/wp-content\/uploads\/2025\/06\/img-SERVICE-175x75.webp","wc-feat-brands-width":175,"wc-feat-brands-height":75,"wc-products-details-brands":"https:\/\/plabonte.com\/wp-content\/uploads\/2025\/06\/img-SERVICE-175x75.webp","wc-products-details-brands-width":175,"wc-products-details-brands-height":75}},"content_featured_slider":[{"ID":356,"id":356,"title":"placeholder-slider-main2","filename":"placeholder-slider-main2.png","filesize":7260,"url":"https:\/\/plabonte.com\/wp-content\/uploads\/2017\/11\/placeholder-slider-main2.png","link":"https:\/\/plabonte.com\/fr\/placeholder-slider-main2\/","alt":"","author":"1","description":"","caption":"","name":"placeholder-slider-main2","status":"inherit","uploaded_to":0,"date":"2017-11-09 21:12:37","modified":"2017-11-09 21:12:42","menu_order":0,"mime_type":"image\/png","type":"image","subtype":"png","icon":"https:\/\/plabonte.com\/wp-includes\/images\/media\/default.png","width":1170,"height":477,"sizes":{"thumbnail":"https:\/\/plabonte.com\/wp-content\/uploads\/2017\/11\/placeholder-slider-main2-150x150.png","thumbnail-width":150,"thumbnail-height":150,"medium":"https:\/\/plabonte.com\/wp-content\/uploads\/2017\/11\/placeholder-slider-main2-300x122.png","medium-width":300,"medium-height":122,"medium_large":"https:\/\/plabonte.com\/wp-content\/uploads\/2017\/11\/placeholder-slider-main2-768x313.png","medium_large-width":768,"medium_large-height":313,"large":"https:\/\/plabonte.com\/wp-content\/uploads\/2017\/11\/placeholder-slider-main2-1024x417.png","large-width":1024,"large-height":417,"1536x1536":"https:\/\/plabonte.com\/wp-content\/uploads\/2017\/11\/placeholder-slider-main2.png","1536x1536-width":1170,"1536x1536-height":477,"2048x2048":"https:\/\/plabonte.com\/wp-content\/uploads\/2017\/11\/placeholder-slider-main2.png","2048x2048-width":1170,"2048x2048-height":477,"article-details":"https:\/\/plabonte.com\/wp-content\/uploads\/2017\/11\/placeholder-slider-main2-745x304.png","article-details-width":745,"article-details-height":304,"article-listing":"https:\/\/plabonte.com\/wp-content\/uploads\/2017\/11\/placeholder-slider-main2-745x304.png","article-listing-width":745,"article-listing-height":304,"event-details":"https:\/\/plabonte.com\/wp-content\/uploads\/2017\/11\/placeholder-slider-main2-745x304.png","event-details-width":745,"event-details-height":304,"event-listing":"https:\/\/plabonte.com\/wp-content\/uploads\/2017\/11\/placeholder-slider-main2-745x304.png","event-listing-width":745,"event-listing-height":304,"feat-article":"https:\/\/plabonte.com\/wp-content\/uploads\/2017\/11\/placeholder-slider-main2-720x294.png","feat-article-width":720,"feat-article-height":294,"feat-cta":"https:\/\/plabonte.com\/wp-content\/uploads\/2017\/11\/placeholder-slider-main2-745x304.png","feat-cta-width":745,"feat-cta-height":304,"feat-content":"https:\/\/plabonte.com\/wp-content\/uploads\/2017\/11\/placeholder-slider-main2-745x304.png","feat-content-width":745,"feat-content-height":304,"feat-event":"https:\/\/plabonte.com\/wp-content\/uploads\/2017\/11\/placeholder-slider-main2-720x294.png","feat-event-width":720,"feat-event-height":294,"feat-makes":"https:\/\/plabonte.com\/wp-content\/uploads\/2017\/11\/placeholder-slider-main2-196x80.png","feat-makes-width":196,"feat-makes-height":80,"feat-related":"https:\/\/plabonte.com\/wp-content\/uploads\/2017\/11\/placeholder-slider-main2-720x294.png","feat-related-width":720,"feat-related-height":294,"filter-category":"https:\/\/plabonte.com\/wp-content\/uploads\/2017\/11\/placeholder-slider-main2.png","filter-category-width":486,"filter-category-height":198,"products-listing-new":"https:\/\/plabonte.com\/wp-content\/uploads\/2017\/11\/placeholder-slider-main2-460x188.png","products-listing-new-width":460,"products-listing-new-height":188,"products-gallery":"https:\/\/plabonte.com\/wp-content\/uploads\/2017\/11\/placeholder-slider-main2-745x304.png","products-gallery-width":745,"products-gallery-height":304,"promos-details":"https:\/\/plabonte.com\/wp-content\/uploads\/2017\/11\/placeholder-slider-main2-745x304.png","promos-details-width":745,"promos-details-height":304,"promos-listing":"https:\/\/plabonte.com\/wp-content\/uploads\/2017\/11\/placeholder-slider-main2-745x304.png","promos-listing-width":745,"promos-listing-height":304,"relative-product-article":"https:\/\/plabonte.com\/wp-content\/uploads\/2017\/11\/placeholder-slider-main2-745x304.png","relative-product-article-width":745,"relative-product-article-height":304,"relative-product-event":"https:\/\/plabonte.com\/wp-content\/uploads\/2017\/11\/placeholder-slider-main2-745x304.png","relative-product-event-width":745,"relative-product-event-height":304,"relative-product-new":"https:\/\/plabonte.com\/wp-content\/uploads\/2017\/11\/placeholder-slider-main2-690x281.png","relative-product-new-width":690,"relative-product-new-height":281,"relative-product-promo":"https:\/\/plabonte.com\/wp-content\/uploads\/2017\/11\/placeholder-slider-main2-745x304.png","relative-product-promo-width":745,"relative-product-promo-height":304,"slider-main":"https:\/\/plabonte.com\/wp-content\/uploads\/2017\/11\/placeholder-slider-main2-1168x476.png","slider-main-width":1168,"slider-main-height":476,"slider-main-mobile":"https:\/\/plabonte.com\/wp-content\/uploads\/2017\/11\/placeholder-slider-main2-991x404.png","slider-main-mobile-width":991,"slider-main-mobile-height":404,"slider-main-fullwidth":"https:\/\/plabonte.com\/wp-content\/uploads\/2017\/11\/placeholder-slider-main2.png","slider-main-fullwidth-width":1170,"slider-main-fullwidth-height":477,"slider-main-fullwidth-narrow":"https:\/\/plabonte.com\/wp-content\/uploads\/2017\/11\/placeholder-slider-main2.png","slider-main-fullwidth-narrow-width":1170,"slider-main-fullwidth-narrow-height":477,"map-footer":"https:\/\/plabonte.com\/wp-content\/uploads\/2017\/11\/placeholder-slider-main2-1170x400.png","map-footer-width":1170,"map-footer-height":400,"map-footer-mobile":"https:\/\/plabonte.com\/wp-content\/uploads\/2017\/11\/placeholder-slider-main2-991x404.png","map-footer-mobile-width":991,"map-footer-mobile-height":404,"map-footer-fullwidth":"https:\/\/plabonte.com\/wp-content\/uploads\/2017\/11\/placeholder-slider-main2-1170x400.png","map-footer-fullwidth-width":1170,"map-footer-fullwidth-height":400,"map-footer-fullwidth-narrow":"https:\/\/plabonte.com\/wp-content\/uploads\/2017\/11\/placeholder-slider-main2-1170x400.png","map-footer-fullwidth-narrow-width":1170,"map-footer-fullwidth-narrow-height":400,"team-listing":"https:\/\/plabonte.com\/wp-content\/uploads\/2017\/11\/placeholder-slider-main2-450x183.png","team-listing-width":450,"team-listing-height":183,"team-sidebar":"https:\/\/plabonte.com\/wp-content\/uploads\/2017\/11\/placeholder-slider-main2-720x294.png","team-sidebar-width":720,"team-sidebar-height":294,"history-timeline":"https:\/\/plabonte.com\/wp-content\/uploads\/2017\/11\/placeholder-slider-main2-380x155.png","history-timeline-width":380,"history-timeline-height":155,"automatic-popup":"https:\/\/plabonte.com\/wp-content\/uploads\/2017\/11\/placeholder-slider-main2.png","automatic-popup-width":770,"automatic-popup-height":314,"wc-feat-brands":"https:\/\/plabonte.com\/wp-content\/uploads\/2017\/11\/placeholder-slider-main2-184x75.png","wc-feat-brands-width":184,"wc-feat-brands-height":75,"wc-products-details-brands":"https:\/\/plabonte.com\/wp-content\/uploads\/2017\/11\/placeholder-slider-main2-184x75.png","wc-products-details-brands-width":184,"wc-products-details-brands-height":75}},{"ID":353,"id":353,"title":"placeholder-slider-main","filename":"placeholder-slider-main-1.png","filesize":2668,"url":"https:\/\/plabonte.com\/wp-content\/uploads\/2017\/11\/placeholder-slider-main-1.png","link":"https:\/\/plabonte.com\/fr\/placeholder-slider-main\/","alt":"","author":"1","description":"","caption":"","name":"placeholder-slider-main","status":"inherit","uploaded_to":0,"date":"2017-11-09 20:58:22","modified":"2019-04-16 19:48:02","menu_order":0,"mime_type":"image\/png","type":"image","subtype":"png","icon":"https:\/\/plabonte.com\/wp-includes\/images\/media\/default.png","width":1170,"height":477,"sizes":{"thumbnail":"https:\/\/plabonte.com\/wp-content\/uploads\/2017\/11\/placeholder-slider-main-1-150x150.png","thumbnail-width":150,"thumbnail-height":150,"medium":"https:\/\/plabonte.com\/wp-content\/uploads\/2017\/11\/placeholder-slider-main-1-300x122.png","medium-width":300,"medium-height":122,"medium_large":"https:\/\/plabonte.com\/wp-content\/uploads\/2017\/11\/placeholder-slider-main-1-768x313.png","medium_large-width":768,"medium_large-height":313,"large":"https:\/\/plabonte.com\/wp-content\/uploads\/2017\/11\/placeholder-slider-main-1-1024x417.png","large-width":1024,"large-height":417,"1536x1536":"https:\/\/plabonte.com\/wp-content\/uploads\/2017\/11\/placeholder-slider-main-1.png","1536x1536-width":1170,"1536x1536-height":477,"2048x2048":"https:\/\/plabonte.com\/wp-content\/uploads\/2017\/11\/placeholder-slider-main-1.png","2048x2048-width":1170,"2048x2048-height":477,"article-details":"https:\/\/plabonte.com\/wp-content\/uploads\/2017\/11\/placeholder-slider-main-1-745x304.png","article-details-width":745,"article-details-height":304,"article-listing":"https:\/\/plabonte.com\/wp-content\/uploads\/2017\/11\/placeholder-slider-main-1-745x304.png","article-listing-width":745,"article-listing-height":304,"event-details":"https:\/\/plabonte.com\/wp-content\/uploads\/2017\/11\/placeholder-slider-main-1-745x304.png","event-details-width":745,"event-details-height":304,"event-listing":"https:\/\/plabonte.com\/wp-content\/uploads\/2017\/11\/placeholder-slider-main-1-745x304.png","event-listing-width":745,"event-listing-height":304,"feat-article":"https:\/\/plabonte.com\/wp-content\/uploads\/2017\/11\/placeholder-slider-main-1-720x294.png","feat-article-width":720,"feat-article-height":294,"feat-cta":"https:\/\/plabonte.com\/wp-content\/uploads\/2017\/11\/placeholder-slider-main-1-745x304.png","feat-cta-width":745,"feat-cta-height":304,"feat-content":"https:\/\/plabonte.com\/wp-content\/uploads\/2017\/11\/placeholder-slider-main-1-745x304.png","feat-content-width":745,"feat-content-height":304,"feat-event":"https:\/\/plabonte.com\/wp-content\/uploads\/2017\/11\/placeholder-slider-main-1-720x294.png","feat-event-width":720,"feat-event-height":294,"feat-makes":"https:\/\/plabonte.com\/wp-content\/uploads\/2017\/11\/placeholder-slider-main-1-196x80.png","feat-makes-width":196,"feat-makes-height":80,"feat-related":"https:\/\/plabonte.com\/wp-content\/uploads\/2017\/11\/placeholder-slider-main-1-720x294.png","feat-related-width":720,"feat-related-height":294,"filter-category":"https:\/\/plabonte.com\/wp-content\/uploads\/2017\/11\/placeholder-slider-main-1.png","filter-category-width":486,"filter-category-height":198,"products-listing-new":"https:\/\/plabonte.com\/wp-content\/uploads\/2017\/11\/placeholder-slider-main-1-460x188.png","products-listing-new-width":460,"products-listing-new-height":188,"products-gallery":"https:\/\/plabonte.com\/wp-content\/uploads\/2017\/11\/placeholder-slider-main-1-745x304.png","products-gallery-width":745,"products-gallery-height":304,"promos-details":"https:\/\/plabonte.com\/wp-content\/uploads\/2017\/11\/placeholder-slider-main-1-745x304.png","promos-details-width":745,"promos-details-height":304,"promos-listing":"https:\/\/plabonte.com\/wp-content\/uploads\/2017\/11\/placeholder-slider-main-1-745x304.png","promos-listing-width":745,"promos-listing-height":304,"relative-product-article":"https:\/\/plabonte.com\/wp-content\/uploads\/2017\/11\/placeholder-slider-main-1-745x304.png","relative-product-article-width":745,"relative-product-article-height":304,"relative-product-event":"https:\/\/plabonte.com\/wp-content\/uploads\/2017\/11\/placeholder-slider-main-1-745x304.png","relative-product-event-width":745,"relative-product-event-height":304,"relative-product-new":"https:\/\/plabonte.com\/wp-content\/uploads\/2017\/11\/placeholder-slider-main-1-690x281.png","relative-product-new-width":690,"relative-product-new-height":281,"relative-product-promo":"https:\/\/plabonte.com\/wp-content\/uploads\/2017\/11\/placeholder-slider-main-1-745x304.png","relative-product-promo-width":745,"relative-product-promo-height":304,"slider-main":"https:\/\/plabonte.com\/wp-content\/uploads\/2017\/11\/placeholder-slider-main-1-1168x476.png","slider-main-width":1168,"slider-main-height":476,"slider-main-mobile":"https:\/\/plabonte.com\/wp-content\/uploads\/2017\/11\/placeholder-slider-main-1-991x404.png","slider-main-mobile-width":991,"slider-main-mobile-height":404,"slider-main-fullwidth":"https:\/\/plabonte.com\/wp-content\/uploads\/2017\/11\/placeholder-slider-main-1.png","slider-main-fullwidth-width":1170,"slider-main-fullwidth-height":477,"slider-main-fullwidth-narrow":"https:\/\/plabonte.com\/wp-content\/uploads\/2017\/11\/placeholder-slider-main-1.png","slider-main-fullwidth-narrow-width":1170,"slider-main-fullwidth-narrow-height":477,"map-footer":"https:\/\/plabonte.com\/wp-content\/uploads\/2017\/11\/placeholder-slider-main-1-1170x400.png","map-footer-width":1170,"map-footer-height":400,"map-footer-mobile":"https:\/\/plabonte.com\/wp-content\/uploads\/2017\/11\/placeholder-slider-main-1-991x404.png","map-footer-mobile-width":991,"map-footer-mobile-height":404,"map-footer-fullwidth":"https:\/\/plabonte.com\/wp-content\/uploads\/2017\/11\/placeholder-slider-main-1-1170x400.png","map-footer-fullwidth-width":1170,"map-footer-fullwidth-height":400,"map-footer-fullwidth-narrow":"https:\/\/plabonte.com\/wp-content\/uploads\/2017\/11\/placeholder-slider-main-1-1170x400.png","map-footer-fullwidth-narrow-width":1170,"map-footer-fullwidth-narrow-height":400,"team-listing":"https:\/\/plabonte.com\/wp-content\/uploads\/2017\/11\/placeholder-slider-main-1-450x183.png","team-listing-width":450,"team-listing-height":183,"team-sidebar":"https:\/\/plabonte.com\/wp-content\/uploads\/2017\/11\/placeholder-slider-main-1-720x294.png","team-sidebar-width":720,"team-sidebar-height":294,"history-timeline":"https:\/\/plabonte.com\/wp-content\/uploads\/2017\/11\/placeholder-slider-main-1-380x155.png","history-timeline-width":380,"history-timeline-height":155,"automatic-popup":"https:\/\/plabonte.com\/wp-content\/uploads\/2017\/11\/placeholder-slider-main-1.png","automatic-popup-width":770,"automatic-popup-height":314,"wc-feat-brands":"https:\/\/plabonte.com\/wp-content\/uploads\/2017\/11\/placeholder-slider-main-1-184x75.png","wc-feat-brands-width":184,"wc-feat-brands-height":75,"wc-products-details-brands":"https:\/\/plabonte.com\/wp-content\/uploads\/2017\/11\/placeholder-slider-main-1-184x75.png","wc-products-details-brands-width":184,"wc-products-details-brands-height":75}}],"contact_form_custom_html_id":"","contact_form_custom_form_id":false},"_links":{"self":[{"href":"https:\/\/plabonte.com\/fr\/wp-json\/wp\/v2\/pages\/293"}],"collection":[{"href":"https:\/\/plabonte.com\/fr\/wp-json\/wp\/v2\/pages"}],"about":[{"href":"https:\/\/plabonte.com\/fr\/wp-json\/wp\/v2\/types\/page"}],"author":[{"embeddable":true,"href":"https:\/\/plabonte.com\/fr\/wp-json\/wp\/v2\/users\/1"}],"replies":[{"embeddable":true,"href":"https:\/\/plabonte.com\/fr\/wp-json\/wp\/v2\/comments?post=293"}],"version-history":[{"count":22,"href":"https:\/\/plabonte.com\/fr\/wp-json\/wp\/v2\/pages\/293\/revisions"}],"predecessor-version":[{"id":30593,"href":"https:\/\/plabonte.com\/fr\/wp-json\/wp\/v2\/pages\/293\/revisions\/30593"}],"wp:attachment":[{"href":"https:\/\/plabonte.com\/fr\/wp-json\/wp\/v2\/media?parent=293"}],"curies":[{"name":"wp","href":"https:\/\/api.w.org\/{rel}","templated":true}]}}