{"id":1202,"date":"2017-12-06T15:40:35","date_gmt":"2017-12-06T20:40:35","guid":{"rendered":"http:\/\/wp-master-powergo.eliappwordpress1sto.elisys-servers.ca\/?page_id=1202"},"modified":"2025-06-12T12:07:42","modified_gmt":"2025-06-12T16:07:42","slug":"financement","status":"publish","type":"page","link":"https:\/\/plabonte.com\/fr\/financement\/","title":{"rendered":"Financement"},"content":{"rendered":"<p><a href=\"https:\/\/www.yamaha-motor.ca\/fr\/services-financiers-yamaha\" target=\"_blank\" rel=\"noopener\"><img style=\"height: 98px; width: 255px;\" src=\"https:\/\/cdn.powergo.ca\/motormedia\/public\/yamaha\/logos\/YAMAHA_SERVICES_FINANCIERS.png\" alt=\"Yamaha Services Financiers\" \/><\/a><\/p>\n<h2>NOUS SOMMES \u00c0 VOTRE \u00c9COUTE<\/h2>\n<p>Services Financiers Yamaha s&rsquo;engage \u00e0 livrer des exp\u00e9riences client sans \u00e9gales. Offrant des taux et des<br \/>\nconditions concurrentiels, Services Financiers Yamaha est notre partenaire pr\u00eateur de premier plan.<\/p>\n<h2>Pourquoi choisir Services Financiers Yamaha?<\/h2>\n<p>Yamaha s&rsquo;engage \u00e0 offrir des produits fiables, novateurs et de premier ordre depuis 1955, et aujourd\u2019hui,<br \/>\nServices Financiers Yamaha est tout autant engag\u00e9e \u00e0 faire de vous un client satisfait.<\/p>\n<h2>Qu&rsquo;est ce qui est offert?<\/h2>\n<p>Avec Services Financiers Yamaha, vous pouvez faire une demande de financement directement aupr\u00e8s de nous<br \/>\nou par l&rsquo;interm\u00e9diaire du site Web Yamaha-Motor.ca. Sp\u00e9cialis\u00e9e dans les pr\u00eats de financement pour le domaine<br \/>\ndes sports motoris\u00e9s et de produits nautiques, Services Financiers Yamaha propose aux clients des solutions de<br \/>\nfinancement standard, une garantie prolong\u00e9e, des contrats de financement group\u00e9s avec des pi\u00e8ces et<br \/>\naccessoires, et bien plus encore! S&rsquo;adressant aussi bien aux clients particuliers qu&rsquo;aux clients commerciaux,<br \/>\nServices Financiers Yamaha offre une gamme compl\u00e8te de produits et services pour tous les Canadiens.<\/p>\n<h2>Rabais de fid\u00e9lisation disponibles!<\/h2>\n<p>Rien de tel que l\u2019euphorie qu\u2019apporte l\u2019acquisition d\u2019un produit Yamaha tout neuf. Dor\u00e9navant, si vous souhaitez<br \/>\nen ajouter un autre &#8211; voire plusieurs &#8211; \u00e0 votre collection, vous aurez encore plus de raisons de vous r\u00e9jouir!<br \/>\nServices Financiers Yamaha propose aux clients Yamaha existants, ainsi qu\u2019\u00e0 ceux qui ach\u00e8tent plusieurs unit\u00e9s<br \/>\ndans le cadre d\u2019un seul contrat, des taux de financement r\u00e9duits gr\u00e2ce au programme de fid\u00e9lisation Yamaha.<\/p>\n<p>&nbsp;<\/p>\n<p>&nbsp;<\/p>\n<p><a href=\"https:\/\/www.yamaha-motor.ca\/fr\/plan-de-protection-yamaha-moteur\" target=\"_blank\" rel=\"noopener\"><img style=\"height: 93px; width: 244px;\" src=\"https:\/\/cdn.powergo.ca\/motormedia\/public\/yamaha\/logos\/YAMAHA_PLAN_DE_PROTECTION.png\" alt=\"Plan de protection Yamaha Moteur\" \/><\/a><\/p>\n<h2>PROTECTION<\/h2>\n<h3>AMUSEZ-VOUS. PLUS BESOIN DE VOUS INQUI\u00c9TER.<\/h3>\n<p>Votre Yamaha vous permet de profiter du plein air, o\u00f9 que vous alliez. Peu importe si votre trajet vous emm\u00e8ne<br \/>\nsur la route, la neige, l&rsquo;eau, ou les sentiers, Services Financiers Yamaha veut rendre cette exp\u00e9rience sans<br \/>\nsoucis, dans la mesure du possible. Le Plan de protection Yamaha Moteur est un regroupement de solutions de<br \/>\nprotection financi\u00e8re sp\u00e9cialement con\u00e7ues pour les propri\u00e9taires de produits Yamaha afin de leur procurer une<br \/>\ntranquillit\u00e9 d&rsquo;esprit en cas d\u2019impr\u00e9vus.<\/p>\n<h3>Protection m\u00e9canique<\/h3>\n<p>Nulle part ailleurs ne trouverez-vous technologie de pointe, performance et style tels qu&rsquo;ils sont r\u00e9unis dans votre<br \/>\nproduit Yamaha. Voil\u00e0 pourquoi chez Services Financiers Yamaha, nous sommes pr\u00eats \u00e0 r\u00e9pondre des produits<br \/>\nYamaha en vous offrant la meilleure garantie de l\u00b4industrie et le meilleur programme de garantie prolong\u00e9e, sous<br \/>\nla d\u00e9nomination Plan de protection Yamaha Moteur (PPYM).<\/p>\n<h3>Protection financi\u00e8re<\/h3>\n<p>Nous avons tous v\u00e9cu \u00e7a \u2013 des d\u00e9penses inattendues et g\u00e9n\u00e9ralement co\u00fbteuses. Services Financiers Yamaha<br \/>\npropose des solutions de protection financi\u00e8re qui permettent de prot\u00e9ger votre portefeuille et votre<br \/>\ninvestissement.<\/p>\n<ul>\n<li>Addenda sur l&rsquo;exon\u00e9ration de solde impay\u00e9<\/li>\n<li>Forfait Protection pr\u00eat \/ Assurance cr\u00e9dit<\/li>\n<li>Protection antivol<\/li>\n<li>Protection pneus et jantes sur route\/hors route<\/li>\n<\/ul>\n<h3>Protection contre les dangers routiers<\/h3>\n<p>Nous voulons que chaque voyage se d\u00e9roule sans heurts. Mais lorsque la route vous ralentit en raison de<br \/>\ndangers tels que les clous et les nids-de-poule, la protection contre les dangers routiers vous aide \u00e0 couvrir les<br \/>\nd\u00e9penses et \u00e0 reprendre la route.<\/p>\n<p>Vous recherchez des options de financement ou de protection? Fiez-vous \u00e0 notre expertise pour vous aider \u00e0<br \/>\nchoisir la solution qui vous convient.<\/p>\n","protected":false},"excerpt":{"rendered":"<p>NOUS SOMMES \u00c0 VOTRE \u00c9COUTE Services Financiers Yamaha s&rsquo;engage \u00e0 livrer des exp\u00e9riences client sans \u00e9gales. Offrant des taux et des conditions concurrentiels, Services Financiers Yamaha est notre partenaire pr\u00eateur de premier plan. Pourquoi choisir Services Financiers Yamaha? Yamaha s&rsquo;engage \u00e0 offrir des produits fiables, novateurs et de premier ordre depuis 1955, et aujourd\u2019hui, Services &hellip; <a href=\"https:\/\/plabonte.com\/fr\/financement\/\">Suite<\/a><\/p>\n","protected":false},"author":1,"featured_media":0,"parent":0,"menu_order":0,"comment_status":"closed","ping_status":"closed","template":"template-financing.php","meta":[],"acf":{"contact_form_custom_form_id":false,"contact_form_custom_html_id":""},"_links":{"self":[{"href":"https:\/\/plabonte.com\/fr\/wp-json\/wp\/v2\/pages\/1202"}],"collection":[{"href":"https:\/\/plabonte.com\/fr\/wp-json\/wp\/v2\/pages"}],"about":[{"href":"https:\/\/plabonte.com\/fr\/wp-json\/wp\/v2\/types\/page"}],"author":[{"embeddable":true,"href":"https:\/\/plabonte.com\/fr\/wp-json\/wp\/v2\/users\/1"}],"replies":[{"embeddable":true,"href":"https:\/\/plabonte.com\/fr\/wp-json\/wp\/v2\/comments?post=1202"}],"version-history":[{"count":3,"href":"https:\/\/plabonte.com\/fr\/wp-json\/wp\/v2\/pages\/1202\/revisions"}],"predecessor-version":[{"id":30542,"href":"https:\/\/plabonte.com\/fr\/wp-json\/wp\/v2\/pages\/1202\/revisions\/30542"}],"wp:attachment":[{"href":"https:\/\/plabonte.com\/fr\/wp-json\/wp\/v2\/media?parent=1202"}],"curies":[{"name":"wp","href":"https:\/\/api.w.org\/{rel}","templated":true}]}}